{"id":1116,"date":"2024-04-10T13:53:58","date_gmt":"2024-04-10T13:53:58","guid":{"rendered":"https:\/\/lungamadrid.com\/?page_id=1116"},"modified":"2024-04-12T18:49:47","modified_gmt":"2024-04-12T18:49:47","slug":"blog","status":"publish","type":"page","link":"https:\/\/lungamadrid.com\/de\/blog\/","title":{"rendered":"Blog"},"content":{"rendered":"<div data-elementor-type=\"wp-page\" data-elementor-id=\"1116\" class=\"elementor elementor-1116\" data-elementor-post-type=\"page\">\n\t\t\t\t\t\t<section class=\"elementor-section elementor-top-section elementor-element elementor-element-5048918 elementor-section-height-min-height elementor-section-boxed elementor-section-height-default elementor-section-items-middle\" data-id=\"5048918\" data-element_type=\"section\" data-settings=\"{&quot;background_background&quot;:&quot;classic&quot;}\">\n\t\t\t\t\t\t\t<div class=\"elementor-background-overlay\"><\/div>\n\t\t\t\t\t\t\t<div class=\"elementor-container elementor-column-gap-default\">\n\t\t\t\t\t<div class=\"elementor-column elementor-col-100 elementor-top-column elementor-element elementor-element-104ec78\" data-id=\"104ec78\" data-element_type=\"column\">\n\t\t\t<div class=\"elementor-widget-wrap elementor-element-populated\">\n\t\t\t\t\t\t<div class=\"elementor-element elementor-element-802e2b3 elementor-widget__width-auto elementor-widget elementor-widget-heading\" data-id=\"802e2b3\" data-element_type=\"widget\" data-widget_type=\"heading.default\">\n\t\t\t\t<div class=\"elementor-widget-container\">\n\t\t\t\t\t<h2 class=\"elementor-heading-title elementor-size-default\">BLOG<\/h2>\t\t\t\t<\/div>\n\t\t\t\t<\/div>\n\t\t\t\t<div class=\"elementor-element elementor-element-72e623e elementor-widget elementor-widget-html\" data-id=\"72e623e\" data-element_type=\"widget\" data-widget_type=\"html.default\">\n\t\t\t\t<div class=\"elementor-widget-container\">\n\t\t\t\t\t<style>\n    .elementor-posts-container .elementor-post__thumbnail img {\n            width: 100% !important;\n    }\n    .elementor-posts-container.elementor-has-item-ratio .elementor-post__thumbnail img {\n    height: auto !important;\n        \n    }\n    .elementor-posts-container .elementor-post__thumbnail img {\n        max-width: none !important\n    }\n<\/style>\t\t\t\t<\/div>\n\t\t\t\t<\/div>\n\t\t\t\t\t<\/div>\n\t\t<\/div>\n\t\t\t\t\t<\/div>\n\t\t<\/section>\n\t\t\t\t<section class=\"elementor-section elementor-top-section elementor-element elementor-element-94263df elementor-section-boxed elementor-section-height-default elementor-section-height-default\" data-id=\"94263df\" data-element_type=\"section\">\n\t\t\t\t\t\t<div class=\"elementor-container elementor-column-gap-default\">\n\t\t\t\t\t<div class=\"elementor-column elementor-col-50 elementor-top-column elementor-element elementor-element-544086c\" data-id=\"544086c\" data-element_type=\"column\">\n\t\t\t<div class=\"elementor-widget-wrap elementor-element-populated\">\n\t\t\t\t\t\t<div class=\"elementor-element elementor-element-f4ce788 elementor-grid-1 elementor-grid-tablet-2 elementor-grid-mobile-1 elementor-posts--thumbnail-top load-more-align-center elementor-widget elementor-widget-posts\" data-id=\"f4ce788\" data-element_type=\"widget\" data-settings=\"{&quot;classic_columns&quot;:&quot;1&quot;,&quot;pagination_type&quot;:&quot;load_more_on_click&quot;,&quot;classic_columns_tablet&quot;:&quot;2&quot;,&quot;classic_columns_mobile&quot;:&quot;1&quot;,&quot;classic_row_gap&quot;:{&quot;unit&quot;:&quot;px&quot;,&quot;size&quot;:35,&quot;sizes&quot;:[]},&quot;classic_row_gap_tablet&quot;:{&quot;unit&quot;:&quot;px&quot;,&quot;size&quot;:&quot;&quot;,&quot;sizes&quot;:[]},&quot;classic_row_gap_mobile&quot;:{&quot;unit&quot;:&quot;px&quot;,&quot;size&quot;:&quot;&quot;,&quot;sizes&quot;:[]},&quot;load_more_spinner&quot;:{&quot;value&quot;:&quot;fas fa-spinner&quot;,&quot;library&quot;:&quot;fa-solid&quot;}}\" data-widget_type=\"posts.classic\">\n\t\t\t\t<div class=\"elementor-widget-container\">\n\t\t\t\t\t\t\t<div class=\"elementor-posts-container elementor-posts elementor-posts--skin-classic elementor-grid\">\n\t\t\t\t<article class=\"elementor-post elementor-grid-item post-1432 post type-post status-publish format-standard hentry category-uncategorized tag-cannabis-de-alta-calidad tag-club-cannabico tag-club-de-cannabis tag-marihuana-de-calidad tag-mejores-cepas-de-cannabis tag-variedades-de-cannabis\">\n\t\t\t\t<div class=\"elementor-post__text\">\n\t\t\t\t<h3 class=\"elementor-post__title\">\n\t\t\t<a href=\"https:\/\/lungamadrid.com\/de\/las-mejores-variedades-de-cannabis-disponibles-en-nuestro-club\/\" >\n\t\t\t\tLas mejores variedades de cannabis en nuestro club\t\t\t<\/a>\n\t\t<\/h3>\n\t\t\t\t<div class=\"elementor-post__meta-data\">\n\t\t\t\t\t<span class=\"elementor-post-date\">\n\t\t\tJuni 17, 2025\t\t<\/span>\n\t\t\t\t<span class=\"elementor-post-avatar\">\n\t\t\tKeine Kommentare\t\t<\/span>\n\t\t\t\t<\/div>\n\t\t\t\t<div class=\"elementor-post__excerpt\">\n\t\t\t<p>En nuestro club, nos enorgullecemos de ofrecer una amplia gama de variedades de cannabis para satisfacer las necesidades de todos nuestros miembros. Desde variedades Indica<\/p>\n\t\t<\/div>\n\t\t\n\t\t<a class=\"elementor-post__read-more\" href=\"https:\/\/lungamadrid.com\/de\/las-mejores-variedades-de-cannabis-disponibles-en-nuestro-club\/\" aria-label=\"Read more about Las mejores variedades de cannabis en nuestro club\" tabindex=\"-1\" >\n\t\t\tMehr lesen \"\t\t<\/a>\n\n\t\t\t\t<\/div>\n\t\t\t\t<\/article>\n\t\t\t\t<article class=\"elementor-post elementor-grid-item post-1428 post type-post status-publish format-standard hentry category-uncategorized tag-bienestar-y-cannabis tag-cannabis-y-salud-mental tag-consumo-responsable-de-cannabis tag-controlar-la-ingesta-de-cannabis tag-limites-seguros-para-el-consumo-de-marihuana tag-prevencion-de-consumo-excesivo-de-marihuana\">\n\t\t\t\t<div class=\"elementor-post__text\">\n\t\t\t\t<h3 class=\"elementor-post__title\">\n\t\t\t<a href=\"https:\/\/lungamadrid.com\/de\/healthy-limits-for-cannabis-consumption\/\" >\n\t\t\t\tL\u00edmites saludables para el consumo de cannabis\t\t\t<\/a>\n\t\t<\/h3>\n\t\t\t\t<div class=\"elementor-post__meta-data\">\n\t\t\t\t\t<span class=\"elementor-post-date\">\n\t\t\tMai 7, 2025\t\t<\/span>\n\t\t\t\t<span class=\"elementor-post-avatar\">\n\t\t\tKeine Kommentare\t\t<\/span>\n\t\t\t\t<\/div>\n\t\t\t\t<div class=\"elementor-post__excerpt\">\n\t\t\t<p>El consumo de cannabis es un tema que ha ganado mucha atenci\u00f3n en los \u00faltimos a\u00f1os, especialmente en lo que respecta a sus posibles beneficios<\/p>\n\t\t<\/div>\n\t\t\n\t\t<a class=\"elementor-post__read-more\" href=\"https:\/\/lungamadrid.com\/de\/healthy-limits-for-cannabis-consumption\/\" aria-label=\"Read more about L\u00edmites saludables para el consumo de cannabis\" tabindex=\"-1\" >\n\t\t\tMehr lesen \"\t\t<\/a>\n\n\t\t\t\t<\/div>\n\t\t\t\t<\/article>\n\t\t\t\t<article class=\"elementor-post elementor-grid-item post-1425 post type-post status-publish format-standard hentry category-uncategorized tag-cannabis-consumption tag-cannabis-selection tag-choosing-cannabis tag-indica-strains tag-marijuana-benefits tag-marijuana-effects tag-sativa-strains tag-strain-preferences tag-weed-varieties\">\n\t\t\t\t<div class=\"elementor-post__text\">\n\t\t\t\t<h3 class=\"elementor-post__title\">\n\t\t\t<a href=\"https:\/\/lungamadrid.com\/de\/indica-vs-sativa-descubre-que-tipo-de-cannabis-se-adapta-mejor-a-tu-estilo-de\/\" >\n\t\t\t\tIndica vs. Sativa: Choosing the Perfect Cannabis Strain for You\t\t\t<\/a>\n\t\t<\/h3>\n\t\t\t\t<div class=\"elementor-post__meta-data\">\n\t\t\t\t\t<span class=\"elementor-post-date\">\n\t\t\tApril 29, 2025\t\t<\/span>\n\t\t\t\t<span class=\"elementor-post-avatar\">\n\t\t\tKeine Kommentare\t\t<\/span>\n\t\t\t\t<\/div>\n\t\t\t\t<div class=\"elementor-post__excerpt\">\n\t\t\t<p>With the growing popularity of cannabis, understanding the different types of cannabis strains has become increasingly important for both newcomers and seasoned enthusiasts. The cannabis<\/p>\n\t\t<\/div>\n\t\t\n\t\t<a class=\"elementor-post__read-more\" href=\"https:\/\/lungamadrid.com\/de\/indica-vs-sativa-descubre-que-tipo-de-cannabis-se-adapta-mejor-a-tu-estilo-de\/\" aria-label=\"Read more about Indica vs. Sativa: Choosing the Perfect Cannabis Strain for You\" tabindex=\"-1\" >\n\t\t\tMehr lesen \"\t\t<\/a>\n\n\t\t\t\t<\/div>\n\t\t\t\t<\/article>\n\t\t\t\t<article class=\"elementor-post elementor-grid-item post-1361 post type-post status-publish format-standard has-post-thumbnail hentry category-uncategorized tag-activismo-por-la-marihuana tag-asociaciones-cannabicas tag-beneficios-terapeuticos tag-comunidad-cannabica-en-madrid tag-consumo-de-cannabis tag-cultura-cannabica tag-derechos-de-los-usuarios tag-legalizacion-en-madrid tag-normativa-sobre-cannabis\">\n\t\t\t\t<a class=\"elementor-post__thumbnail__link\" href=\"https:\/\/lungamadrid.com\/de\/introduccion-a-las-asociaciones-cannabicas-en-madrid\/\" tabindex=\"-1\" >\n\t\t\t<div class=\"elementor-post__thumbnail\"><img fetchpriority=\"high\" decoding=\"async\" width=\"1344\" height=\"768\" src=\"https:\/\/lungamadrid.com\/wp-content\/uploads\/2025\/01\/Introduccion-a-las-Asociaciones-Cannabicas-en-Madrid.jpg\" class=\"attachment-full size-full wp-image-1362\" alt=\"Introducci\u00f3n a las Asociaciones Cann\u00e1bicas en Madrid\" srcset=\"https:\/\/lungamadrid.com\/wp-content\/uploads\/2025\/01\/Introduccion-a-las-Asociaciones-Cannabicas-en-Madrid.jpg 1344w, https:\/\/lungamadrid.com\/wp-content\/uploads\/2025\/01\/Introduccion-a-las-Asociaciones-Cannabicas-en-Madrid-300x171.jpg 300w, https:\/\/lungamadrid.com\/wp-content\/uploads\/2025\/01\/Introduccion-a-las-Asociaciones-Cannabicas-en-Madrid-1024x585.jpg 1024w, https:\/\/lungamadrid.com\/wp-content\/uploads\/2025\/01\/Introduccion-a-las-Asociaciones-Cannabicas-en-Madrid-768x439.jpg 768w, https:\/\/lungamadrid.com\/wp-content\/uploads\/2025\/01\/Introduccion-a-las-Asociaciones-Cannabicas-en-Madrid-18x10.jpg 18w\" sizes=\"(max-width: 1344px) 100vw, 1344px\" \/><\/div>\n\t\t<\/a>\n\t\t\t\t<div class=\"elementor-post__text\">\n\t\t\t\t<h3 class=\"elementor-post__title\">\n\t\t\t<a href=\"https:\/\/lungamadrid.com\/de\/introduccion-a-las-asociaciones-cannabicas-en-madrid\/\" >\n\t\t\t\tIntroducci\u00f3n a las Asociaciones Cann\u00e1bicas en Madrid\t\t\t<\/a>\n\t\t<\/h3>\n\t\t\t\t<div class=\"elementor-post__meta-data\">\n\t\t\t\t\t<span class=\"elementor-post-date\">\n\t\t\tJanuar 15, 2025\t\t<\/span>\n\t\t\t\t<span class=\"elementor-post-avatar\">\n\t\t\tKeine Kommentare\t\t<\/span>\n\t\t\t\t<\/div>\n\t\t\t\t<div class=\"elementor-post__excerpt\">\n\t\t\t<p>En Madrid, las asociaciones cann\u00e1bicas han crecido. Ofrecen un lugar seguro y legal para quienes usan cannabis. Es vital entender c\u00f3mo funcionan y qu\u00e9 beneficios<\/p>\n\t\t<\/div>\n\t\t\n\t\t<a class=\"elementor-post__read-more\" href=\"https:\/\/lungamadrid.com\/de\/introduccion-a-las-asociaciones-cannabicas-en-madrid\/\" aria-label=\"Read more about Introducci\u00f3n a las Asociaciones Cann\u00e1bicas en Madrid\" tabindex=\"-1\" >\n\t\t\tMehr lesen \"\t\t<\/a>\n\n\t\t\t\t<\/div>\n\t\t\t\t<\/article>\n\t\t\t\t<article class=\"elementor-post elementor-grid-item post-1356 post type-post status-publish format-standard has-post-thumbnail hentry category-uncategorized tag-cafe-artesanal tag-cafe-de-especialidad tag-cafe-en-madrid tag-cafe-gourmet tag-cafeteria-en-madrid tag-gastronomia-madrilena tag-mejor-cafe-en-madrid tag-ruta-del-cafe-en-madrid\">\n\t\t\t\t<a class=\"elementor-post__thumbnail__link\" href=\"https:\/\/lungamadrid.com\/de\/coffee-shop-madrid\/\" tabindex=\"-1\" >\n\t\t\t<div class=\"elementor-post__thumbnail\"><img decoding=\"async\" width=\"1344\" height=\"768\" src=\"https:\/\/lungamadrid.com\/wp-content\/uploads\/2024\/12\/coffee-shop-madrid.jpg\" class=\"attachment-full size-full wp-image-1357\" alt=\"coffee shop madrid\" srcset=\"https:\/\/lungamadrid.com\/wp-content\/uploads\/2024\/12\/coffee-shop-madrid.jpg 1344w, https:\/\/lungamadrid.com\/wp-content\/uploads\/2024\/12\/coffee-shop-madrid-300x171.jpg 300w, https:\/\/lungamadrid.com\/wp-content\/uploads\/2024\/12\/coffee-shop-madrid-1024x585.jpg 1024w, https:\/\/lungamadrid.com\/wp-content\/uploads\/2024\/12\/coffee-shop-madrid-768x439.jpg 768w, https:\/\/lungamadrid.com\/wp-content\/uploads\/2024\/12\/coffee-shop-madrid-18x10.jpg 18w\" sizes=\"(max-width: 1344px) 100vw, 1344px\" \/><\/div>\n\t\t<\/a>\n\t\t\t\t<div class=\"elementor-post__text\">\n\t\t\t\t<h3 class=\"elementor-post__title\">\n\t\t\t<a href=\"https:\/\/lungamadrid.com\/de\/coffee-shop-madrid\/\" >\n\t\t\t\tDisfruta del mejor coffee shop en Madrid\t\t\t<\/a>\n\t\t<\/h3>\n\t\t\t\t<div class=\"elementor-post__meta-data\">\n\t\t\t\t\t<span class=\"elementor-post-date\">\n\t\t\tDezember 30, 2024\t\t<\/span>\n\t\t\t\t<span class=\"elementor-post-avatar\">\n\t\t\tKeine Kommentare\t\t<\/span>\n\t\t\t\t<\/div>\n\t\t\t\t<div class=\"elementor-post__excerpt\">\n\t\t\t<p>La cultura del caf\u00e9 es clave en Madrid. Hay desde cafeter\u00edas tradicionales hasta modernos coffee shop madrid. Este art\u00edculo muestra c\u00f3mo la cultura del caf\u00e9<\/p>\n\t\t<\/div>\n\t\t\n\t\t<a class=\"elementor-post__read-more\" href=\"https:\/\/lungamadrid.com\/de\/coffee-shop-madrid\/\" aria-label=\"Read more about Disfruta del mejor coffee shop en Madrid\" tabindex=\"-1\" >\n\t\t\tMehr lesen \"\t\t<\/a>\n\n\t\t\t\t<\/div>\n\t\t\t\t<\/article>\n\t\t\t\t<article class=\"elementor-post elementor-grid-item post-1348 post type-post status-publish format-standard has-post-thumbnail hentry category-uncategorized tag-beneficios-de-la-membresia tag-club-de-cannabis tag-comunidad-cannabica tag-cultura-del-cannabis tag-experiencias-de-weed-club tag-membresia-vip\">\n\t\t\t\t<a class=\"elementor-post__thumbnail__link\" href=\"https:\/\/lungamadrid.com\/de\/unkrautbekampfungsklub\/\" tabindex=\"-1\" >\n\t\t\t<div class=\"elementor-post__thumbnail\"><img decoding=\"async\" width=\"1024\" height=\"640\" src=\"https:\/\/lungamadrid.com\/wp-content\/uploads\/2024\/12\/Weed-Club.jpg\" class=\"attachment-full size-full wp-image-1349\" alt=\"Unkraut-Club\" srcset=\"https:\/\/lungamadrid.com\/wp-content\/uploads\/2024\/12\/Weed-Club.jpg 1024w, https:\/\/lungamadrid.com\/wp-content\/uploads\/2024\/12\/Weed-Club-300x188.jpg 300w, https:\/\/lungamadrid.com\/wp-content\/uploads\/2024\/12\/Weed-Club-768x480.jpg 768w, https:\/\/lungamadrid.com\/wp-content\/uploads\/2024\/12\/Weed-Club-18x12.jpg 18w\" sizes=\"(max-width: 1024px) 100vw, 1024px\" \/><\/div>\n\t\t<\/a>\n\t\t\t\t<div class=\"elementor-post__text\">\n\t\t\t\t<h3 class=\"elementor-post__title\">\n\t\t\t<a href=\"https:\/\/lungamadrid.com\/de\/unkrautbekampfungsklub\/\" >\n\t\t\t\tMembres\u00eda para el Weed Club\t\t\t<\/a>\n\t\t<\/h3>\n\t\t\t\t<div class=\"elementor-post__meta-data\">\n\t\t\t\t\t<span class=\"elementor-post-date\">\n\t\t\tDezember 3, 2024\t\t<\/span>\n\t\t\t\t<span class=\"elementor-post-avatar\">\n\t\t\tKeine Kommentare\t\t<\/span>\n\t\t\t\t<\/div>\n\t\t\t\t<div class=\"elementor-post__excerpt\">\n\t\t\t<p>Entdecken Sie exklusive Vorteile, wenn Sie Mitglied in unserem Weed Club werden. Tritt in Kontakt, nimm teil und genie\u00dfe eine einmalige Erfahrung in unserer Gemeinschaft.<\/p>\n\t\t<\/div>\n\t\t\n\t\t<a class=\"elementor-post__read-more\" href=\"https:\/\/lungamadrid.com\/de\/unkrautbekampfungsklub\/\" aria-label=\"Read more about Membres\u00eda para el Weed Club\" tabindex=\"-1\" >\n\t\t\tMehr lesen \"\t\t<\/a>\n\n\t\t\t\t<\/div>\n\t\t\t\t<\/article>\n\t\t\t\t<\/div>\n\t\t\t\t\t<span class=\"e-load-more-spinner\">\n\t\t\t\t<i aria-hidden=\"true\" class=\"fas fa-spinner\"><\/i>\t\t\t<\/span>\n\t\t\n\t\t\t\t<div class=\"e-load-more-anchor\" data-page=\"1\" data-max-page=\"6\" data-next-page=\"https:\/\/lungamadrid.com\/wp-json\/wp\/v2\/pages\/1116\/page\/2\/\"><\/div>\n\t\t\t\t<div class=\"elementor-button-wrapper\">\n\t\t\t<a href=\"#\" class=\"elementor-button-link elementor-button\" role=\"button\">\n\t\t\t\t\t\t<span class=\"elementor-button-content-wrapper\">\n\t\t\t\t\t\t\t\t\t<span class=\"elementor-button-text\">Mehr laden<\/span>\n\t\t\t\t\t<\/span>\n\t\t\t\t\t<\/a>\n\t\t<\/div>\n\t\t\t\t<div class=\"e-load-more-message\"><\/div>\n\t\t\t\t\t\t<\/div>\n\t\t\t\t<\/div>\n\t\t\t\t\t<\/div>\n\t\t<\/div>\n\t\t\t\t<div class=\"elementor-column elementor-col-50 elementor-top-column elementor-element elementor-element-2571599\" data-id=\"2571599\" data-element_type=\"column\" data-settings=\"{&quot;background_background&quot;:&quot;classic&quot;}\">\n\t\t\t<div class=\"elementor-widget-wrap elementor-element-populated\">\n\t\t\t\t\t\t<div class=\"elementor-element elementor-element-18d6e32 elementor-widget__width-auto elementor-widget elementor-widget-heading\" data-id=\"18d6e32\" data-element_type=\"widget\" data-widget_type=\"heading.default\">\n\t\t\t\t<div class=\"elementor-widget-container\">\n\t\t\t\t\t<h2 class=\"elementor-heading-title elementor-size-default\">Holen Sie sich Ihre Einladung<\/h2>\t\t\t\t<\/div>\n\t\t\t\t<\/div>\n\t\t\t\t<div class=\"elementor-element elementor-element-04a7af4 elementor-widget__width-auto elementor-widget elementor-widget-heading\" data-id=\"04a7af4\" data-element_type=\"widget\" data-widget_type=\"heading.default\">\n\t\t\t\t<div class=\"elementor-widget-container\">\n\t\t\t\t\t<h2 class=\"elementor-heading-title elementor-size-default\">WIE ALT SIND SIE?<\/h2>\t\t\t\t<\/div>\n\t\t\t\t<\/div>\n\t\t\t\t<div class=\"elementor-element elementor-element-3f3f185 elementor-widget elementor-widget-spacer\" data-id=\"3f3f185\" data-element_type=\"widget\" data-widget_type=\"spacer.default\">\n\t\t\t\t<div class=\"elementor-widget-container\">\n\t\t\t\t\t\t\t<div class=\"elementor-spacer\">\n\t\t\t<div class=\"elementor-spacer-inner\"><\/div>\n\t\t<\/div>\n\t\t\t\t\t\t<\/div>\n\t\t\t\t<\/div>\n\t\t\t\t<section class=\"elementor-section elementor-inner-section elementor-element elementor-element-4d899b3 elementor-section-boxed elementor-section-height-default elementor-section-height-default\" data-id=\"4d899b3\" data-element_type=\"section\">\n\t\t\t\t\t\t<div class=\"elementor-container elementor-column-gap-default\">\n\t\t\t\t\t<div class=\"elementor-column elementor-col-50 elementor-inner-column elementor-element elementor-element-694f9ed\" data-id=\"694f9ed\" data-element_type=\"column\">\n\t\t\t<div class=\"elementor-widget-wrap elementor-element-populated\">\n\t\t\t\t\t\t<div class=\"elementor-element elementor-element-c8d37dd elementor-align-center elementor-widget elementor-widget-button\" data-id=\"c8d37dd\" data-element_type=\"widget\" data-widget_type=\"button.default\">\n\t\t\t\t<div class=\"elementor-widget-container\">\n\t\t\t\t\t\t\t\t\t<div class=\"elementor-button-wrapper\">\n\t\t\t\t\t<a class=\"elementor-button elementor-button-link elementor-size-sm\" href=\"\/de\/holen-sie-sich-ihre-cannabis-club-einladung\/\">\n\t\t\t\t\t\t<span class=\"elementor-button-content-wrapper\">\n\t\t\t\t\t\t\t\t\t<span class=\"elementor-button-text\">+ 21<\/span>\n\t\t\t\t\t<\/span>\n\t\t\t\t\t<\/a>\n\t\t\t\t<\/div>\n\t\t\t\t\t\t\t\t<\/div>\n\t\t\t\t<\/div>\n\t\t\t\t\t<\/div>\n\t\t<\/div>\n\t\t\t\t<div class=\"elementor-column elementor-col-50 elementor-inner-column elementor-element elementor-element-704909a\" data-id=\"704909a\" data-element_type=\"column\">\n\t\t\t<div class=\"elementor-widget-wrap elementor-element-populated\">\n\t\t\t\t\t\t<div class=\"elementor-element elementor-element-6f4293a elementor-align-center elementor-widget elementor-widget-button\" data-id=\"6f4293a\" data-element_type=\"widget\" data-widget_type=\"button.default\">\n\t\t\t\t<div class=\"elementor-widget-container\">\n\t\t\t\t\t\t\t\t\t<div class=\"elementor-button-wrapper\">\n\t\t\t\t\t<a class=\"elementor-button elementor-button-link elementor-size-sm\" href=\"\/de\/einladung-fur-club-cannabico-en-madrid\/\">\n\t\t\t\t\t\t<span class=\"elementor-button-content-wrapper\">\n\t\t\t\t\t\t\t\t\t<span class=\"elementor-button-text\">+ 18<\/span>\n\t\t\t\t\t<\/span>\n\t\t\t\t\t<\/a>\n\t\t\t\t<\/div>\n\t\t\t\t\t\t\t\t<\/div>\n\t\t\t\t<\/div>\n\t\t\t\t\t<\/div>\n\t\t<\/div>\n\t\t\t\t\t<\/div>\n\t\t<\/section>\n\t\t\t\t\t<\/div>\n\t\t<\/div>\n\t\t\t\t\t<\/div>\n\t\t<\/section>\n\t\t\t\t<section class=\"elementor-section elementor-top-section elementor-element elementor-element-3013b0f elementor-section-content-middle elementor-section-stretched elementor-section-boxed elementor-section-height-default elementor-section-height-default\" data-id=\"3013b0f\" data-element_type=\"section\" data-settings=\"{&quot;stretch_section&quot;:&quot;section-stretched&quot;,&quot;background_background&quot;:&quot;classic&quot;}\">\n\t\t\t\t\t\t<div class=\"elementor-container elementor-column-gap-default\">\n\t\t\t\t\t<div class=\"elementor-column elementor-col-100 elementor-top-column elementor-element elementor-element-bcf9f76\" data-id=\"bcf9f76\" data-element_type=\"column\">\n\t\t\t<div class=\"elementor-widget-wrap\">\n\t\t\t\t\t\t\t<\/div>\n\t\t<\/div>\n\t\t\t\t\t<\/div>\n\t\t<\/section>\n\t\t\t\t<\/div>","protected":false},"excerpt":{"rendered":"<p>BLOG Holen Sie sich Ihre Einladung WIE ALT SIND SIE? + 21 + 18<\/p>","protected":false},"author":1,"featured_media":0,"parent":0,"menu_order":0,"comment_status":"closed","ping_status":"closed","template":"elementor_header_footer","meta":{"om_disable_all_campaigns":false,"neve_meta_sidebar":"","neve_meta_container":"","neve_meta_enable_content_width":"","neve_meta_content_width":0,"neve_meta_title_alignment":"","neve_meta_author_avatar":"","neve_post_elements_order":"","neve_meta_disable_header":"","neve_meta_disable_footer":"","neve_meta_disable_title":"","footnotes":""},"class_list":["post-1116","page","type-page","status-publish","hentry"],"aioseo_notices":[],"_links":{"self":[{"href":"https:\/\/lungamadrid.com\/de\/wp-json\/wp\/v2\/pages\/1116","targetHints":{"allow":["GET"]}}],"collection":[{"href":"https:\/\/lungamadrid.com\/de\/wp-json\/wp\/v2\/pages"}],"about":[{"href":"https:\/\/lungamadrid.com\/de\/wp-json\/wp\/v2\/types\/page"}],"author":[{"embeddable":true,"href":"https:\/\/lungamadrid.com\/de\/wp-json\/wp\/v2\/users\/1"}],"replies":[{"embeddable":true,"href":"https:\/\/lungamadrid.com\/de\/wp-json\/wp\/v2\/comments?post=1116"}],"version-history":[{"count":31,"href":"https:\/\/lungamadrid.com\/de\/wp-json\/wp\/v2\/pages\/1116\/revisions"}],"predecessor-version":[{"id":1153,"href":"https:\/\/lungamadrid.com\/de\/wp-json\/wp\/v2\/pages\/1116\/revisions\/1153"}],"wp:attachment":[{"href":"https:\/\/lungamadrid.com\/de\/wp-json\/wp\/v2\/media?parent=1116"}],"curies":[{"name":"wp","href":"https:\/\/api.w.org\/{rel}","templated":true}]}}